{"id":1193,"date":"2022-01-29T23:20:21","date_gmt":"2022-01-29T23:20:21","guid":{"rendered":"https:\/\/mediapio.ro\/?page_id=1193"},"modified":"2022-03-16T10:06:39","modified_gmt":"2022-03-16T10:06:39","slug":"bannere-3","status":"publish","type":"page","link":"https:\/\/mediapio.ro\/index.php\/bannere-3\/","title":{"rendered":"Bannere"},"content":{"rendered":"<p><img loading=\"lazy\" decoding=\"async\" width=\"150\" height=\"150\" src=\"https:\/\/mediapio.ro\/wp-content\/uploads\/2022\/01\/productie-publicitara-constanta-150x150.jpg\" alt=\"Productie Publicitara Constanta\" loading=\"lazy\" style=\"width:100%;height:54%;max-width:926px\"><br \/>\n<a target=\"_blank\" rel=\"noopener\"><br \/>\nFacebook-f<br \/>\n<\/a><br \/>\n<a target=\"_blank\" rel=\"noopener\"><br \/>\n<\/a><br \/>\n<a target=\"_blank\" rel=\"noopener\"><br \/>\nTwitter<br \/>\n<\/a><\/p>\n<h2>Bannere Stradale<\/h2>\n<p>Bannerele stradale pot oferi o imagine c\u00e2t mai clar\u0103 \u0219i corecta asupra unui produs sau serviciu prin forma mesajului transmis. Un banner cu un design atractiv, amplasat \u00eentr-un loc potrivit \u00eent\u0103re\u0219te pozi\u021bia pe pia\u021b\u0103 unui brand.<\/p>\n<figure><img decoding=\"async\" src=\"https:\/\/mediapio.ro\/wp-content\/uploads\/2022\/01\/1-1.jpg\" alt=\"1-1.jpg\"><figcaption>1-1.jpg<\/figcaption><\/figure>\n<figure><img decoding=\"async\" src=\"https:\/\/mediapio.ro\/wp-content\/uploads\/2022\/01\/2-1.jpg\" alt=\"2-1.jpg\"><figcaption>2-1.jpg<\/figcaption><\/figure>\n<figure><img decoding=\"async\" src=\"https:\/\/mediapio.ro\/wp-content\/uploads\/2022\/01\/Image3.jpg\" alt=\"Image3.jpg\"><figcaption>Image3.jpg<\/figcaption><\/figure>\n<figure><img decoding=\"async\" src=\"https:\/\/mediapio.ro\/wp-content\/uploads\/2022\/01\/Image-8.jpg\" alt=\"Image-8.jpg\"><figcaption>Image-8.jpg<\/figcaption><\/figure>\n<figure><img decoding=\"async\" src=\"https:\/\/mediapio.ro\/wp-content\/uploads\/2022\/01\/5-1.jpg\" alt=\"5-1.jpg\"><figcaption>5-1.jpg<\/figcaption><\/figure>\n<figure><img decoding=\"async\" src=\"https:\/\/mediapio.ro\/wp-content\/uploads\/2022\/01\/6-1.jpg\" alt=\"6-1.jpg\"><figcaption>6-1.jpg<\/figcaption><\/figure>\n<p>Anterioar\u0103<br \/>\nUrm\u0103toare<\/p>\n","protected":false},"excerpt":{"rendered":"<p>Facebook-f Twitter Bannere Stradale Bannerele stradale pot oferi o imagine c\u00e2t mai clar\u0103 \u0219i corecta asupra unui produs sau serviciu prin forma mesajului transmis. Un banner cu un design atractiv, amplasat \u00eentr-un loc potrivit \u00eent\u0103re\u0219te pozi\u021bia pe pia\u021b\u0103 unui brand. 1-1.jpg 2-1.jpg Image3.jpg Image-8.jpg 5-1.jpg 6-1.jpg Anterioar\u0103 Urm\u0103toare<\/p>\n","protected":false},"author":1,"featured_media":0,"parent":0,"menu_order":0,"comment_status":"closed","ping_status":"closed","template":"","meta":{"footnotes":""},"class_list":["post-1193","page","type-page","status-publish","hentry","entry"],"_links":{"self":[{"href":"https:\/\/mediapio.ro\/index.php\/wp-json\/wp\/v2\/pages\/1193","targetHints":{"allow":["GET"]}}],"collection":[{"href":"https:\/\/mediapio.ro\/index.php\/wp-json\/wp\/v2\/pages"}],"about":[{"href":"https:\/\/mediapio.ro\/index.php\/wp-json\/wp\/v2\/types\/page"}],"author":[{"embeddable":true,"href":"https:\/\/mediapio.ro\/index.php\/wp-json\/wp\/v2\/users\/1"}],"replies":[{"embeddable":true,"href":"https:\/\/mediapio.ro\/index.php\/wp-json\/wp\/v2\/comments?post=1193"}],"version-history":[{"count":8,"href":"https:\/\/mediapio.ro\/index.php\/wp-json\/wp\/v2\/pages\/1193\/revisions"}],"predecessor-version":[{"id":1344,"href":"https:\/\/mediapio.ro\/index.php\/wp-json\/wp\/v2\/pages\/1193\/revisions\/1344"}],"wp:attachment":[{"href":"https:\/\/mediapio.ro\/index.php\/wp-json\/wp\/v2\/media?parent=1193"}],"curies":[{"name":"wp","href":"https:\/\/api.w.org\/{rel}","templated":true}]}}