{"id":1290,"date":"2022-03-15T21:02:09","date_gmt":"2022-03-15T21:02:09","guid":{"rendered":"https:\/\/mediapio.ro\/?page_id=1290"},"modified":"2022-03-16T09:46:15","modified_gmt":"2022-03-16T09:46:15","slug":"comunicare-proiect","status":"publish","type":"page","link":"https:\/\/mediapio.ro\/index.php\/comunicare-proiect\/","title":{"rendered":"Comunicare Proiect Publicitate"},"content":{"rendered":"\t\t<div data-elementor-type=\"wp-page\" data-elementor-id=\"1290\" class=\"elementor elementor-1290\">\n\t\t\t\t\t\t<section class=\"elementor-section elementor-top-section elementor-element elementor-element-5a49d9b elementor-section-boxed elementor-section-height-default elementor-section-height-default\" data-id=\"5a49d9b\" data-element_type=\"section\" data-e-type=\"section\">\n\t\t\t\t\t\t<div class=\"elementor-container elementor-column-gap-default\">\n\t\t\t\t\t<div class=\"elementor-column elementor-col-33 elementor-top-column elementor-element elementor-element-3a81fed\" data-id=\"3a81fed\" data-element_type=\"column\" data-e-type=\"column\">\n\t\t\t<div class=\"elementor-widget-wrap elementor-element-populated\">\n\t\t\t\t\t\t<div class=\"elementor-element elementor-element-23107445 elementor-widget elementor-widget-image\" data-id=\"23107445\" data-element_type=\"widget\" data-e-type=\"widget\" data-widget_type=\"image.default\">\n\t\t\t\t<div class=\"elementor-widget-container\">\n\t\t\t\t\t\t\t\t\t\t\t\t\t\t\t\t<a href=\"https:\/\/mediapio.ro\/\">\n\t\t\t\t\t\t\t<img decoding=\"async\" src=\"https:\/\/mediapio.ro\/wp-content\/uploads\/2022\/01\/productie-publicitara-constanta.jpg\" title=\"productie publicitara constanta\" alt=\"Productie Publicitara Constanta\" loading=\"lazy\" \/>\t\t\t\t\t\t\t\t<\/a>\n\t\t\t\t\t\t\t\t\t\t\t\t\t\t\t<\/div>\n\t\t\t\t<\/div>\n\t\t\t\t\t<\/div>\n\t\t<\/div>\n\t\t\t\t<div class=\"elementor-column elementor-col-33 elementor-top-column elementor-element elementor-element-6b8a5d3c\" data-id=\"6b8a5d3c\" data-element_type=\"column\" data-e-type=\"column\">\n\t\t\t<div class=\"elementor-widget-wrap elementor-element-populated\">\n\t\t\t\t\t\t<div class=\"elementor-element elementor-element-32fd7c0e elementor-list-item-link-inline elementor-align-center elementor-icon-list--layout-traditional elementor-widget elementor-widget-icon-list\" data-id=\"32fd7c0e\" data-element_type=\"widget\" data-e-type=\"widget\" data-widget_type=\"icon-list.default\">\n\t\t\t\t<div class=\"elementor-widget-container\">\n\t\t\t\t\t\t\t<ul class=\"elementor-icon-list-items\">\n\t\t\t\t\t\t\t<li class=\"elementor-icon-list-item\">\n\t\t\t\t\t\t\t\t\t\t\t<span class=\"elementor-icon-list-icon\">\n\t\t\t\t\t\t\t<i aria-hidden=\"true\" class=\"fas fa-phone-alt\"><\/i>\t\t\t\t\t\t<\/span>\n\t\t\t\t\t\t\t\t\t\t<span class=\"elementor-icon-list-text\">+40 754 200 001<\/span>\n\t\t\t\t\t\t\t\t\t<\/li>\n\t\t\t\t\t\t\t\t<li class=\"elementor-icon-list-item\">\n\t\t\t\t\t\t\t\t\t\t\t<span class=\"elementor-icon-list-icon\">\n\t\t\t\t\t\t\t<i aria-hidden=\"true\" class=\"far fa-edit\"><\/i>\t\t\t\t\t\t<\/span>\n\t\t\t\t\t\t\t\t\t\t<span class=\"elementor-icon-list-text\">mail@mediapio.ro<\/span>\n\t\t\t\t\t\t\t\t\t<\/li>\n\t\t\t\t\t\t<\/ul>\n\t\t\t\t\t\t<\/div>\n\t\t\t\t<\/div>\n\t\t\t\t\t<\/div>\n\t\t<\/div>\n\t\t\t\t<div class=\"elementor-column elementor-col-33 elementor-top-column elementor-element elementor-element-64fd285f\" data-id=\"64fd285f\" data-element_type=\"column\" data-e-type=\"column\">\n\t\t\t<div class=\"elementor-widget-wrap elementor-element-populated\">\n\t\t\t\t\t\t<div class=\"elementor-element elementor-element-26d22ef0 elementor-widget elementor-widget-eael-creative-button\" data-id=\"26d22ef0\" data-element_type=\"widget\" data-e-type=\"widget\" data-settings=\"{&quot;_animation&quot;:&quot;none&quot;}\" data-widget_type=\"eael-creative-button.default\">\n\t\t\t\t<div class=\"elementor-widget-container\">\n\t\t\t\t\t        <div class=\"eael-creative-button-wrapper\">\n\n            <a class=\"eael-creative-button eael-creative-button--winona eael-cb-icon-position-right\" href=\"http:\/\/mediapio.ro\/index.php\/servicii\/\" data-text=\"Vezi mai mult..\">\n            \t    \n                <div class=\"creative-button-inner\">\n\n                    \n                    <span class=\"cretive-button-text\">SERVICII DE PUBLICITATE<\/span>\n\n                                            <span class=\"eael-creative-button-icon-right\"><i aria-hidden=\"true\" class=\"fas fa-sitemap\"><\/i><\/span>                                    <\/div>\n\t                        <\/a>\n        <\/div>\n        \t\t\t\t<\/div>\n\t\t\t\t<\/div>\n\t\t\t\t\t<\/div>\n\t\t<\/div>\n\t\t\t\t\t<\/div>\n\t\t<\/section>\n\t\t\t\t<section class=\"elementor-section elementor-top-section elementor-element elementor-element-03cd404 elementor-section-boxed elementor-section-height-default elementor-section-height-default\" data-id=\"03cd404\" data-element_type=\"section\" data-e-type=\"section\">\n\t\t\t\t\t\t<div class=\"elementor-container elementor-column-gap-default\">\n\t\t\t\t\t<div class=\"elementor-column elementor-col-100 elementor-top-column elementor-element elementor-element-f90693b\" data-id=\"f90693b\" data-element_type=\"column\" data-e-type=\"column\">\n\t\t\t<div class=\"elementor-widget-wrap elementor-element-populated\">\n\t\t\t\t\t\t<div class=\"elementor-element elementor-element-44312d7 elementor-widget elementor-widget-heading\" data-id=\"44312d7\" data-element_type=\"widget\" data-e-type=\"widget\" data-widget_type=\"heading.default\">\n\t\t\t\t<div class=\"elementor-widget-container\">\n\t\t\t\t\t<h3 class=\"elementor-heading-title elementor-size-default\">Comunicare Proiect<\/h3>\t\t\t\t<\/div>\n\t\t\t\t<\/div>\n\t\t\t\t\t<\/div>\n\t\t<\/div>\n\t\t\t\t\t<\/div>\n\t\t<\/section>\n\t\t\t\t<section class=\"elementor-section elementor-top-section elementor-element elementor-element-cc9ba51 elementor-section-boxed elementor-section-height-default elementor-section-height-default\" data-id=\"cc9ba51\" data-element_type=\"section\" data-e-type=\"section\">\n\t\t\t\t\t\t<div class=\"elementor-container elementor-column-gap-default\">\n\t\t\t\t\t<div class=\"elementor-column elementor-col-100 elementor-top-column elementor-element elementor-element-1e3ad31\" data-id=\"1e3ad31\" data-element_type=\"column\" data-e-type=\"column\">\n\t\t\t<div class=\"elementor-widget-wrap elementor-element-populated\">\n\t\t\t\t\t\t<section class=\"elementor-section elementor-inner-section elementor-element elementor-element-f77e584 elementor-section-boxed elementor-section-height-default elementor-section-height-default\" data-id=\"f77e584\" data-element_type=\"section\" data-e-type=\"section\">\n\t\t\t\t\t\t<div class=\"elementor-container elementor-column-gap-default\">\n\t\t\t\t\t<div class=\"elementor-column elementor-col-50 elementor-inner-column elementor-element elementor-element-bea6fca\" data-id=\"bea6fca\" data-element_type=\"column\" data-e-type=\"column\">\n\t\t\t<div class=\"elementor-widget-wrap elementor-element-populated\">\n\t\t\t\t\t\t<div class=\"elementor-element elementor-element-fdc654a elementor-widget elementor-widget-image\" data-id=\"fdc654a\" data-element_type=\"widget\" data-e-type=\"widget\" data-widget_type=\"image.default\">\n\t\t\t\t<div class=\"elementor-widget-container\">\n\t\t\t\t\t\t\t\t\t\t\t\t\t\t\t<img fetchpriority=\"high\" decoding=\"async\" width=\"750\" height=\"376\" src=\"https:\/\/mediapio.ro\/wp-content\/uploads\/2022\/01\/comunicare-proiect-1024x514.png\" class=\"attachment-large size-large wp-image-1234\" alt=\"proiect publicitar\" srcset=\"https:\/\/mediapio.ro\/wp-content\/uploads\/2022\/01\/comunicare-proiect-1024x514.png 1024w, https:\/\/mediapio.ro\/wp-content\/uploads\/2022\/01\/comunicare-proiect-300x151.png 300w, https:\/\/mediapio.ro\/wp-content\/uploads\/2022\/01\/comunicare-proiect-768x386.png 768w, https:\/\/mediapio.ro\/wp-content\/uploads\/2022\/01\/comunicare-proiect-1536x771.png 1536w, https:\/\/mediapio.ro\/wp-content\/uploads\/2022\/01\/comunicare-proiect-1568x787.png 1568w, https:\/\/mediapio.ro\/wp-content\/uploads\/2022\/01\/comunicare-proiect.png 1679w\" sizes=\"(max-width: 750px) 100vw, 750px\" style=\"width:100%;height:50.21%;max-width:1679px\" \/>\t\t\t\t\t\t\t\t\t\t\t\t\t\t\t<\/div>\n\t\t\t\t<\/div>\n\t\t\t\t\t<\/div>\n\t\t<\/div>\n\t\t\t\t<div class=\"elementor-column elementor-col-50 elementor-inner-column elementor-element elementor-element-de65a56\" data-id=\"de65a56\" data-element_type=\"column\" data-e-type=\"column\">\n\t\t\t<div class=\"elementor-widget-wrap elementor-element-populated\">\n\t\t\t\t\t\t<div class=\"elementor-element elementor-element-ce36fe4 elementor-widget elementor-widget-text-editor\" data-id=\"ce36fe4\" data-element_type=\"widget\" data-e-type=\"widget\" data-widget_type=\"text-editor.default\">\n\t\t\t\t<div class=\"elementor-widget-container\">\n\t\t\t\t\t\t\t\t\t<section class=\"av_textblock_section\"><div class=\"avia_textblock \"><p>Dezvolt\u0103m \u0219i proiect\u0103m identit\u0103\u021bi vizuale, pornind de la lucruri care aparent sunt simple dar totu\u0219i at\u00e2t de complexe. De la crearea de logo \u0219i p\u00e2n\u0103 la realizarea de printuri prin imprimare pe dimensiune mare sau printuri \u00een tiraje mari, grafic\u0103 pentru expozi\u021bii, site-uri web&#8230; publicitate calculat\u0103.<\/p><\/div><\/section><section class=\"av_textblock_section\"><div class=\"avia_textblock \"><p>Suntem convin\u0219i de faptul c\u0103\u00a0<strong>designul grafic \u0219i comunicarea\u00a0<\/strong>sunt discipline capabile s\u0103 \u00eembine cultura, rigoarea ra\u021bionalist\u0103,\u00a0responsabilitatea semantic\u0103 \u0219i c\u0103utarea de noi limbaje: \u00eentr-un cuv\u00e2nt,\u00a0<strong>echilibrul<\/strong>.<br \/>F\u0103r\u0103 interac\u021biunea dialectic\u0103 a acestor elemente, fiecare mesaj, orice form\u0103 de\u00a0comunicare, orice reprezentare s-ar reduce la un simplu\u00a0\u0219i gol exerci\u021biu creativ: \u00een acest fel\u00a0<em>brand-story<\/em>\u00a0\u0219i\u00a0<em>brand-image<\/em> sunt create \u00een mod sustenabil.<\/p><p>C\u00e2nd abord\u0103m un nou proiect &#8211; fie c\u0103 este un logo, o bro\u0219ur\u0103,\u00a0un site web, o reclam\u0103 luminoas\u0103 sau ambalajul unui pachet &#8211; ne place\u00a0<strong>s\u0103 analiz\u0103m problema din toate punctele de vedere posibile<\/strong> .\u00a0Studiem \u0219i pre\u021buim fiecare detaliu, ascult\u0103m nevoile \u0219i dorin\u021bele clien\u021bilor no\u0219tri \u0219i colabor\u0103m cu ace\u0219tia pentru a scoate \u00een eviden\u021b\u0103 valorile care merit\u0103 s\u0103 fie comunicate.\u00a0<strong>Scopul\u00a0<\/strong>nostru\u00a0este s\u0103 transform\u0103m aceste valori \u00een\u00a0con\u021binut vizual recunoscut, eficient, responsabil, durabil, elegant, armonios \u0219i intrigant.<\/p><p>Fiecare mesaj trebuie s\u0103 fie \u00een\u021beles \u0219i coerent, cu respectarea\u00a0<strong>regulilor de sintez\u0103 \u0219i simplitate<\/strong>\u00a0.\u00a0Iar simplitatea, de fapt, nu este ceva banal, ci mai degrab\u0103 solu\u021bia la o serie complex\u0103 de probleme.<\/p><\/div><\/section>\t\t\t\t\t\t\t\t<\/div>\n\t\t\t\t<\/div>\n\t\t\t\t\t<\/div>\n\t\t<\/div>\n\t\t\t\t\t<\/div>\n\t\t<\/section>\n\t\t\t\t\t<\/div>\n\t\t<\/div>\n\t\t\t\t\t<\/div>\n\t\t<\/section>\n\t\t\t\t<\/div>\n\t\t","protected":false},"excerpt":{"rendered":"<p>+40 754 200 001 mail@mediapio.ro SERVICII DE PUBLICITATE Comunicare Proiect Dezvolt\u0103m \u0219i proiect\u0103m identit\u0103\u021bi vizuale, pornind de la lucruri care aparent sunt simple dar totu\u0219i at\u00e2t de complexe. De la crearea de logo \u0219i p\u00e2n\u0103 la realizarea de printuri prin imprimare pe dimensiune mare sau printuri \u00een tiraje mari, grafic\u0103 pentru expozi\u021bii, site-uri web&#8230; publicitate&hellip; <a class=\"more-link\" href=\"https:\/\/mediapio.ro\/index.php\/comunicare-proiect\/\">Continu\u0103 lectura <span class=\"screen-reader-text\">Comunicare Proiect Publicitate<\/span><\/a><\/p>\n","protected":false},"author":1,"featured_media":0,"parent":0,"menu_order":0,"comment_status":"closed","ping_status":"closed","template":"","meta":{"footnotes":""},"class_list":["post-1290","page","type-page","status-publish","hentry","entry"],"_links":{"self":[{"href":"https:\/\/mediapio.ro\/index.php\/wp-json\/wp\/v2\/pages\/1290","targetHints":{"allow":["GET"]}}],"collection":[{"href":"https:\/\/mediapio.ro\/index.php\/wp-json\/wp\/v2\/pages"}],"about":[{"href":"https:\/\/mediapio.ro\/index.php\/wp-json\/wp\/v2\/types\/page"}],"author":[{"embeddable":true,"href":"https:\/\/mediapio.ro\/index.php\/wp-json\/wp\/v2\/users\/1"}],"replies":[{"embeddable":true,"href":"https:\/\/mediapio.ro\/index.php\/wp-json\/wp\/v2\/comments?post=1290"}],"version-history":[{"count":29,"href":"https:\/\/mediapio.ro\/index.php\/wp-json\/wp\/v2\/pages\/1290\/revisions"}],"predecessor-version":[{"id":1328,"href":"https:\/\/mediapio.ro\/index.php\/wp-json\/wp\/v2\/pages\/1290\/revisions\/1328"}],"wp:attachment":[{"href":"https:\/\/mediapio.ro\/index.php\/wp-json\/wp\/v2\/media?parent=1290"}],"curies":[{"name":"wp","href":"https:\/\/api.w.org\/{rel}","templated":true}]}}